{"id":1616,"date":"2024-02-12T16:23:21","date_gmt":"2024-02-12T16:23:21","guid":{"rendered":"https:\/\/escapepolis.cat\/?page_id=1616"},"modified":"2025-11-18T13:47:27","modified_gmt":"2025-11-18T13:47:27","slug":"politica-de-privacidad","status":"publish","type":"page","link":"https:\/\/escapepolis.cat\/ca\/politica-de-privacidad\/","title":{"rendered":"Pol\u00edtica de Privadesa"},"content":{"rendered":"<div data-elementor-type=\"wp-page\" data-elementor-id=\"1616\" class=\"elementor elementor-1616\">\n\t\t\t\t<div class=\"elementor-element elementor-element-f9c2da7 e-flex e-con-boxed e-con e-parent\" data-id=\"f9c2da7\" data-element_type=\"container\" data-e-type=\"container\">\n\t\t\t\t\t<div class=\"e-con-inner\">\n\t\t\t\t<div class=\"elementor-element elementor-element-d3e8980 elementor-widget elementor-widget-heading\" data-id=\"d3e8980\" data-element_type=\"widget\" data-e-type=\"widget\" data-widget_type=\"heading.default\">\n\t\t\t\t<div class=\"elementor-widget-container\">\n\t\t\t\t\t<h1 class=\"elementor-heading-title elementor-size-default\">Pol\u00edtica de Privadesa<\/h1>\t\t\t\t<\/div>\n\t\t\t\t<\/div>\n\t\t\t\t<div class=\"elementor-element elementor-element-2e0fcc7 elementor-widget elementor-widget-spacer\" data-id=\"2e0fcc7\" data-element_type=\"widget\" data-e-type=\"widget\" data-widget_type=\"spacer.default\">\n\t\t\t\t<div class=\"elementor-widget-container\">\n\t\t\t\t\t\t\t<div class=\"elementor-spacer\">\n\t\t\t<div class=\"elementor-spacer-inner\"><\/div>\n\t\t<\/div>\n\t\t\t\t\t\t<\/div>\n\t\t\t\t<\/div>\n\t\t\t\t<div class=\"elementor-element elementor-element-6989aa1 elementor-widget elementor-widget-text-editor\" data-id=\"6989aa1\" data-element_type=\"widget\" data-e-type=\"widget\" data-widget_type=\"text-editor.default\">\n\t\t\t\t<div class=\"elementor-widget-container\">\n\t\t\t\t\t\t\t\t\t<p>A trav\u00e9s d'aquest lloc web no es recullen dades de car\u00e0cter personal dels usuaris sense el seu coneixement, ni se cedeixen a tercers.<\/p><p>En aquest lloc no es recopila informaci\u00f3 dels visitants ja que no s'utilitzen serveis d'an\u00e0lisi de dades com Google Analytics, mapes de calor o formularis de contacte. Tampoc s'utilitzen cookies pr\u00f2pies o de sessi\u00f3.<\/p><p>El portal del qual \u00e9s titular winersreus.com cont\u00e9 enlla\u00e7os a llocs web de tercers, les pol\u00edtiques de privacitat dels quals s\u00f3n alienes a la de winersreus.com. En accedir a tals llocs web vost\u00e8 pot decidir si accepta les seves pol\u00edtiques de privacitat i de cookies. De manera general, si navega per internet vost\u00e8 pot acceptar o rebutjar les cookies de tercers des de les opcions de configuraci\u00f3 del seu navegador.<\/p>\t\t\t\t\t\t\t\t<\/div>\n\t\t\t\t<\/div>\n\t\t\t\t<div class=\"elementor-element elementor-element-7d65004 elementor-widget elementor-widget-heading\" data-id=\"7d65004\" data-element_type=\"widget\" data-e-type=\"widget\" data-widget_type=\"heading.default\">\n\t\t\t\t<div class=\"elementor-widget-container\">\n\t\t\t\t\t<h2 class=\"elementor-heading-title elementor-size-default\">DADES A TERCERS<\/h2>\t\t\t\t<\/div>\n\t\t\t\t<\/div>\n\t\t\t\t<div class=\"elementor-element elementor-element-bdc0479 elementor-widget elementor-widget-text-editor\" data-id=\"bdc0479\" data-element_type=\"widget\" data-e-type=\"widget\" data-widget_type=\"text-editor.default\">\n\t\t\t\t<div class=\"elementor-widget-container\">\n\t\t\t\t\t\t\t\t\t<p>No cedir\u00e9 les teves dades a tercers. No obstant aix\u00f2, el lloc requereix per funcionar la prestaci\u00f3 dels serveis per part de terceres empreses. Aquestes empreses rebran les dades que es recullen en el lloc per poder prestar aquest servei per\u00f2 no els utilitzaran per cap finalitat. Actualment els prove\u00efdors que poden accedir a dades s\u00f3n:<\/p><p><span style=\"text-align: var(--text-align); background-color: var(--ast-global-color-4); font-weight: inherit; font-style: inherit; color: var(--ast-global-color-3);\">Tecnofirm (https:\/\/www.tecnofirm.com\/), \u00fanicamente a efectos de alojar esta p\u00e1gina web. Los datos de esta empresas son: TECNOLOGIES AVAN\u00c7ADES CONTROL FIRM, S.L., (Identificado con la marca comercial Tecnofirm), con domicilio social en <\/span><span style=\"text-align: var(--text-align); background-color: var(--ast-global-color-4);\"><a href=\"https:\/\/maps.app.goo.gl\/9R2urumnbrSxq2kc6\" target=\"_blank\" rel=\"noopener\">C\/ EMPORD\u00c0, 25 \u2013 08720 \u2013 VILAFRANCA DEL PENED\u00c8S (BARCELONA)<\/a>.<\/span> CIF: B43710920 , que proporciona los servicios de hosting de la Web. Se puede consultar la pol\u00edtica de privacidad y dem\u00e1s aspectos legales de dicha empresa en el siguiente enlace:<\/p><p><blockquote class=\"wp-embedded-content\" data-secret=\"FLPZQE896W\"><a href=\"https:\/\/www.tecnofirm.com\/avis-legal\/\">Av\u00eds legal<\/a><\/blockquote><iframe class=\"wp-embedded-content\" sandbox=\"allow-scripts\" security=\"restricted\" style=\"position: absolute; visibility: hidden;\" title=\"&#8220;Av\u00eds legal&#8221; &#8212; Tecnofirm\" src=\"https:\/\/www.tecnofirm.com\/avis-legal\/embed\/#?secret=Wlq9xYfqm8#?secret=FLPZQE896W\" data-secret=\"FLPZQE896W\" width=\"500\" height=\"282\" frameborder=\"0\" marginwidth=\"0\" marginheight=\"0\" scrolling=\"no\"><\/iframe><\/p><p><span style=\"font-style: inherit; font-weight: inherit; text-align: var(--text-align); background-color: var(--ast-global-color-4); color: var(--ast-global-color-3);\">WordPress.org, \u00fanicament per prestar el servei de plataforma del lloc. Pots llegir aqu\u00ed la seva pol\u00edtica de privacitat https:\/\/es.wordpress.org\/about\/privacy\/ <a href=\"https:\/\/es.wordpress.org\/about\/privacy\/\" target=\"_blank\" rel=\"nofollow noopener\">https:\/\/es.wordpress.org\/about\/privacy\/<\/a><\/span><\/p>\t\t\t\t\t\t\t\t<\/div>\n\t\t\t\t<\/div>\n\t\t\t\t\t<\/div>\n\t\t\t\t<\/div>\n\t\t\t\t<\/div>","protected":false},"excerpt":{"rendered":"<p>Pol\u00edtica de Privacidad A trav\u00e9s de este sitio web no se recaban datos de car\u00e1cter personal de los usuarios sin su conocimiento, ni se ceden a terceros. En este sitio no se recopila informaci\u00f3n de los visitantes puestos que no se utilizan servicios de an\u00e1lisis de datos como Google Analytics, mapas de calor o formularios [&hellip;]<\/p>\n","protected":false},"author":10,"featured_media":0,"parent":0,"menu_order":0,"comment_status":"closed","ping_status":"closed","template":"","meta":{"site-sidebar-layout":"no-sidebar","site-content-layout":"page-builder","ast-site-content-layout":"full-width-container","site-content-style":"default","site-sidebar-style":"default","ast-global-header-display":"","ast-banner-title-visibility":"","ast-main-header-display":"","ast-hfb-above-header-display":"","ast-hfb-below-header-display":"","ast-hfb-mobile-header-display":"","site-post-title":"disabled","ast-breadcrumbs-content":"","ast-featured-img":"disabled","footer-sml-layout":"","theme-transparent-header-meta":"","adv-header-id-meta":"","stick-header-meta":"","header-above-stick-meta":"","header-main-stick-meta":"","header-below-stick-meta":"","astra-migrate-meta-layouts":"set","ast-page-background-enabled":"default","ast-page-background-meta":{"desktop":{"background-color":"var(--ast-global-color-4)","background-image":"","background-repeat":"repeat","background-position":"center center","background-size":"auto","background-attachment":"scroll","background-type":"","background-media":"","overlay-type":"","overlay-color":"","overlay-opacity":"","overlay-gradient":""},"tablet":{"background-color":"","background-image":"","background-repeat":"repeat","background-position":"center center","background-size":"auto","background-attachment":"scroll","background-type":"","background-media":"","overlay-type":"","overlay-color":"","overlay-opacity":"","overlay-gradient":""},"mobile":{"background-color":"","background-image":"","background-repeat":"repeat","background-position":"center center","background-size":"auto","background-attachment":"scroll","background-type":"","background-media":"","overlay-type":"","overlay-color":"","overlay-opacity":"","overlay-gradient":""}},"ast-content-background-meta":{"desktop":{"background-color":"var(--ast-global-color-5)","background-image":"","background-repeat":"repeat","background-position":"center center","background-size":"auto","background-attachment":"scroll","background-type":"","background-media":"","overlay-type":"","overlay-color":"","overlay-opacity":"","overlay-gradient":""},"tablet":{"background-color":"var(--ast-global-color-5)","background-image":"","background-repeat":"repeat","background-position":"center center","background-size":"auto","background-attachment":"scroll","background-type":"","background-media":"","overlay-type":"","overlay-color":"","overlay-opacity":"","overlay-gradient":""},"mobile":{"background-color":"var(--ast-global-color-5)","background-image":"","background-repeat":"repeat","background-position":"center center","background-size":"auto","background-attachment":"scroll","background-type":"","background-media":"","overlay-type":"","overlay-color":"","overlay-opacity":"","overlay-gradient":""}},"slim_seo":{"noindex":"1","title":"Pol\u00edtica de Privacidad - Escap\u00e9polis","description":"Pol\u00edtica de Privacidad A trav\u00e9s de este sitio web no se recaban datos de car\u00e1cter personal de los usuarios sin su conocimiento, ni se ceden a terceros. En este"},"footnotes":""},"class_list":["post-1616","page","type-page","status-publish","hentry"],"_links":{"self":[{"href":"https:\/\/escapepolis.cat\/ca\/wp-json\/wp\/v2\/pages\/1616","targetHints":{"allow":["GET"]}}],"collection":[{"href":"https:\/\/escapepolis.cat\/ca\/wp-json\/wp\/v2\/pages"}],"about":[{"href":"https:\/\/escapepolis.cat\/ca\/wp-json\/wp\/v2\/types\/page"}],"author":[{"embeddable":true,"href":"https:\/\/escapepolis.cat\/ca\/wp-json\/wp\/v2\/users\/10"}],"replies":[{"embeddable":true,"href":"https:\/\/escapepolis.cat\/ca\/wp-json\/wp\/v2\/comments?post=1616"}],"version-history":[{"count":25,"href":"https:\/\/escapepolis.cat\/ca\/wp-json\/wp\/v2\/pages\/1616\/revisions"}],"predecessor-version":[{"id":2072,"href":"https:\/\/escapepolis.cat\/ca\/wp-json\/wp\/v2\/pages\/1616\/revisions\/2072"}],"wp:attachment":[{"href":"https:\/\/escapepolis.cat\/ca\/wp-json\/wp\/v2\/media?parent=1616"}],"curies":[{"name":"wp","href":"https:\/\/api.w.org\/{rel}","templated":true}]}}